{"id":1310,"date":"2025-10-29T16:45:44","date_gmt":"2025-10-29T16:45:44","guid":{"rendered":"https:\/\/blasonarte.com\/?post_type=product&#038;p=1310"},"modified":"2025-10-29T16:48:48","modified_gmt":"2025-10-29T16:48:48","slug":"lamina-escudo-del-apellido","status":"publish","type":"product","link":"https:\/\/blasonarte.com\/?product=lamina-escudo-del-apellido","title":{"rendered":"L\u00e1mina Escudo del Apellido"},"content":{"rendered":"<p>A lo largo de la historia, las familias se han destacado con el escudo de armas, que responde a la voluntad individual para resaltar hechos, acciones o caracter\u00edsticas propias, hered\u00e1ndose de padres a hijos. Ofrecemos con esta l\u00e1mina el escudo de las familias del sobrenombre que tradicionalmente han ostentado a lo largo de los siglos, generalmente el primero o m\u00e1s antiguo de los publicados por el \u00faltimo Rey de Armas, Vicente Cadenas, que es m\u00e1s bien representativo, pues habr\u00eda que trazar el \u00e1rbol geneal\u00f3gico concreto para conocer m\u00e1s acerca de la familia y las variantes her\u00e1ldicas que le corresponden.<br \/>\nLa l\u00e1mina se presenta en papel apergaminado y en tama\u00f1o dinA4, a todo color.<\/p>\n","protected":false},"excerpt":{"rendered":"<p>L\u00e1mina con el escudo del apellido en papel pergamino<\/p>\n","protected":false},"featured_media":1311,"comment_status":"open","ping_status":"closed","template":"","meta":[],"product_brand":[],"product_cat":[64],"product_tag":[66],"class_list":{"0":"post-1310","1":"product","2":"type-product","3":"status-publish","4":"has-post-thumbnail","6":"product_cat-sin-categorizar","7":"product_tag-escudo-del-apellido","9":"first","10":"instock","11":"shipping-taxable","12":"purchasable","13":"product-type-simple"},"_links":{"self":[{"href":"https:\/\/blasonarte.com\/index.php?rest_route=\/wp\/v2\/product\/1310","targetHints":{"allow":["GET"]}}],"collection":[{"href":"https:\/\/blasonarte.com\/index.php?rest_route=\/wp\/v2\/product"}],"about":[{"href":"https:\/\/blasonarte.com\/index.php?rest_route=\/wp\/v2\/types\/product"}],"replies":[{"embeddable":true,"href":"https:\/\/blasonarte.com\/index.php?rest_route=%2Fwp%2Fv2%2Fcomments&post=1310"}],"wp:featuredmedia":[{"embeddable":true,"href":"https:\/\/blasonarte.com\/index.php?rest_route=\/wp\/v2\/media\/1311"}],"wp:attachment":[{"href":"https:\/\/blasonarte.com\/index.php?rest_route=%2Fwp%2Fv2%2Fmedia&parent=1310"}],"wp:term":[{"taxonomy":"product_brand","embeddable":true,"href":"https:\/\/blasonarte.com\/index.php?rest_route=%2Fwp%2Fv2%2Fproduct_brand&post=1310"},{"taxonomy":"product_cat","embeddable":true,"href":"https:\/\/blasonarte.com\/index.php?rest_route=%2Fwp%2Fv2%2Fproduct_cat&post=1310"},{"taxonomy":"product_tag","embeddable":true,"href":"https:\/\/blasonarte.com\/index.php?rest_route=%2Fwp%2Fv2%2Fproduct_tag&post=1310"}],"curies":[{"name":"wp","href":"https:\/\/api.w.org\/{rel}","templated":true}]}}