{"id":1308,"date":"2025-10-29T16:35:56","date_gmt":"2025-10-29T16:35:56","guid":{"rendered":"https:\/\/blasonarte.com\/?post_type=product&#038;p=1308"},"modified":"2025-10-29T16:48:04","modified_gmt":"2025-10-29T16:48:04","slug":"lamina-origen-del-apellido","status":"publish","type":"product","link":"https:\/\/blasonarte.com\/?product=lamina-origen-del-apellido","title":{"rendered":"L\u00e1mina Origen del Apellido"},"content":{"rendered":"<p>Se trata de una exhaustiva investigaci\u00f3n sobre el origen del apellido. Para su elaboraci\u00f3n consultamos nuestro amplio archivo, que consta de m\u00e1s de 8.000 libros sobre familias y apellidos, adem\u00e1s de otras fuentes documentales tales como censos, registros profesionales, listados de emigraci\u00f3n, protocolos notariales, relaciones telef\u00f3nicas y un largo etc\u00e9tera, incluyendo, en ocasiones, la memoria y documentaci\u00f3n de la propia familia. Se trata, en cualquier caso, de un estudio resumido sobre todo lo escrito por los m\u00e1s prestigiosos Reyes de Armas, genealogistas, historiadores, cronistas e investigadores, contrastando informaciones, por lo que goza de una gran fiabilidad.<br \/>\nEl texto se presenta en papel verjurado y en tama\u00f1o dinA4, con una bonita orla a todo color.<\/p>\n","protected":false},"excerpt":{"rendered":"<p>L\u00e1mina con el origen del apellido<\/p>\n","protected":false},"featured_media":1309,"comment_status":"open","ping_status":"closed","template":"","meta":[],"product_brand":[],"product_cat":[64],"product_tag":[65],"class_list":{"0":"post-1308","1":"product","2":"type-product","3":"status-publish","4":"has-post-thumbnail","6":"product_cat-sin-categorizar","7":"product_tag-origen-del-apellido","9":"first","10":"instock","11":"shipping-taxable","12":"purchasable","13":"product-type-simple"},"_links":{"self":[{"href":"https:\/\/blasonarte.com\/index.php?rest_route=\/wp\/v2\/product\/1308","targetHints":{"allow":["GET"]}}],"collection":[{"href":"https:\/\/blasonarte.com\/index.php?rest_route=\/wp\/v2\/product"}],"about":[{"href":"https:\/\/blasonarte.com\/index.php?rest_route=\/wp\/v2\/types\/product"}],"replies":[{"embeddable":true,"href":"https:\/\/blasonarte.com\/index.php?rest_route=%2Fwp%2Fv2%2Fcomments&post=1308"}],"wp:featuredmedia":[{"embeddable":true,"href":"https:\/\/blasonarte.com\/index.php?rest_route=\/wp\/v2\/media\/1309"}],"wp:attachment":[{"href":"https:\/\/blasonarte.com\/index.php?rest_route=%2Fwp%2Fv2%2Fmedia&parent=1308"}],"wp:term":[{"taxonomy":"product_brand","embeddable":true,"href":"https:\/\/blasonarte.com\/index.php?rest_route=%2Fwp%2Fv2%2Fproduct_brand&post=1308"},{"taxonomy":"product_cat","embeddable":true,"href":"https:\/\/blasonarte.com\/index.php?rest_route=%2Fwp%2Fv2%2Fproduct_cat&post=1308"},{"taxonomy":"product_tag","embeddable":true,"href":"https:\/\/blasonarte.com\/index.php?rest_route=%2Fwp%2Fv2%2Fproduct_tag&post=1308"}],"curies":[{"name":"wp","href":"https:\/\/api.w.org\/{rel}","templated":true}]}}